{"id":1679,"date":"2020-08-04T19:31:31","date_gmt":"2020-08-04T17:31:31","guid":{"rendered":"http:\/\/www.mg-sskvitkovice.cz\/?page_id=1679"},"modified":"2025-05-12T11:10:29","modified_gmt":"2025-05-12T09:10:29","slug":"ostravsky-pohar","status":"publish","type":"page","link":"https:\/\/www.mg-sskvitkovice.cz\/?page_id=1679","title":{"rendered":"Ostravsk\u00fd poh\u00e1r"},"content":{"rendered":"\n<figure class=\"wp-block-image size-full\"><a href=\"https:\/\/www.mg-sskvitkovice.cz\/wp-content\/uploads\/Picsart_25-05-02_19-44-20-686-1.jpg\"><img loading=\"lazy\" decoding=\"async\" width=\"1365\" height=\"2048\" src=\"https:\/\/www.mg-sskvitkovice.cz\/wp-content\/uploads\/Picsart_25-05-02_19-44-20-686-1.jpg\" alt=\"\" class=\"wp-image-2445\" srcset=\"https:\/\/www.mg-sskvitkovice.cz\/wp-content\/uploads\/Picsart_25-05-02_19-44-20-686-1.jpg 1365w, https:\/\/www.mg-sskvitkovice.cz\/wp-content\/uploads\/Picsart_25-05-02_19-44-20-686-1-768x1152.jpg 768w, https:\/\/www.mg-sskvitkovice.cz\/wp-content\/uploads\/Picsart_25-05-02_19-44-20-686-1-1024x1536.jpg 1024w\" sizes=\"auto, (max-width: 1365px) 100vw, 1365px\" \/><\/a><\/figure>\n\n\n\n<h2 class=\"wp-block-heading\">Ostravsk\u00fd poh\u00e1r 2024<\/h2>\n\n\n\n<figure class=\"wp-block-image size-full is-resized\"><a href=\"https:\/\/www.mg-sskvitkovice.cz\/wp-content\/uploads\/plakatek-Ostravsky-pohar-24-scaled.jpg\"><img loading=\"lazy\" decoding=\"async\" width=\"1810\" height=\"2560\" src=\"https:\/\/www.mg-sskvitkovice.cz\/wp-content\/uploads\/plakatek-Ostravsky-pohar-24-scaled.jpg\" alt=\"\" class=\"wp-image-2253\" style=\"width:840px;height:auto\" srcset=\"https:\/\/www.mg-sskvitkovice.cz\/wp-content\/uploads\/plakatek-Ostravsky-pohar-24-scaled.jpg 1810w, https:\/\/www.mg-sskvitkovice.cz\/wp-content\/uploads\/plakatek-Ostravsky-pohar-24-768x1086.jpg 768w, https:\/\/www.mg-sskvitkovice.cz\/wp-content\/uploads\/plakatek-Ostravsky-pohar-24-1086x1536.jpg 1086w, https:\/\/www.mg-sskvitkovice.cz\/wp-content\/uploads\/plakatek-Ostravsky-pohar-24-1448x2048.jpg 1448w\" sizes=\"auto, (max-width: 1810px) 100vw, 1810px\" \/><\/a><\/figure>\n\n\n\n<h2 class=\"wp-block-heading\">Ostravsk\u00fd poh\u00e1r 2021<\/h2>\n\n\n\n<figure class=\"wp-block-image\"><img loading=\"lazy\" decoding=\"async\" width=\"579\" height=\"823\" src=\"https:\/\/www.mg-sskvitkovice.cz\/wp-content\/uploads\/op2021-3.png\" alt=\"\" class=\"wp-image-1887\"\/><\/figure>\n\n\n\n<p> Pozv\u00e1nka na tradi\u010dn\u00ed, ji\u017e 25. ro\u010dn\u00edk, z\u00e1vodu v modern\u00ed gymnastice, kter\u00fd po\u0159\u00e1d\u00e1 n\u00e1\u0161 odd\u00edl SSK V\u00edtkovice 4.z\u00e1\u0159\u00ed 2021 je v n\u00ed\u017ee uveden\u00e9m souboru.  <\/p>\n\n\n\n<div class=\"wp-block-file\"><a href=\"https:\/\/www.mg-sskvitkovice.cz\/wp-content\/uploads\/plakat_A4_4.9.2021-pracovni_verze_2.pdf\">pozv\u00e1nka pdf<\/a><a href=\"https:\/\/www.mg-sskvitkovice.cz\/wp-content\/uploads\/plakat_A4_4.9.2021-pracovni_verze_2.pdf\" class=\"wp-block-file__button wp-element-button\" download>St\u00e1hnout<\/a><\/div>\n\n\n<p><img loading=\"lazy\" decoding=\"async\" class=\"aligncenter size-full wp-image-1809\" src=\"https:\/\/www.mg-sskvitkovice.cz\/wp-content\/uploads\/plakat2020-1-2.png\" alt=\"\" width=\"554\" height=\"783\"><\/p>\n\n\n<p>Pozv\u00e1nka na tradi\u010dn\u00ed, ji\u017e 24. ro\u010dn\u00edk, z\u00e1vodu v modern\u00ed gymnastice, kter\u00fd po\u0159\u00e1d\u00e1 n\u00e1\u0161 odd\u00edl SSK V\u00edtkovice 5.z\u00e1\u0159\u00ed 2020 je v n\u00ed\u017ee uveden\u00e9m souboru. <\/p>\n\n\n\n<div class=\"wp-block-file\"><a href=\"https:\/\/www.mg-sskvitkovice.cz\/wp-content\/uploads\/plakatpohar2020.pdf\">Pozv\u00e1nka (pdf)<\/a><a href=\"https:\/\/www.mg-sskvitkovice.cz\/wp-content\/uploads\/plakatpohar2020.pdf\" class=\"wp-block-file__button wp-element-button\" download>St\u00e1hnout<\/a><\/div>\n\n\n\n<p><\/p>\n","protected":false},"excerpt":{"rendered":"<p>Ostravsk\u00fd poh\u00e1r 2024 Ostravsk\u00fd poh\u00e1r 2021 Pozv\u00e1nka na tradi\u010dn\u00ed, ji\u017e 25. ro\u010dn\u00edk, z\u00e1vodu v modern\u00ed gymnastice, kter\u00fd po\u0159\u00e1d\u00e1 n\u00e1\u0161 odd\u00edl SSK V\u00edtkovice 4.z\u00e1\u0159\u00ed 2021 je v n\u00ed\u017ee uveden\u00e9m souboru. Pozv\u00e1nka na tradi\u010dn\u00ed, ji\u017e 24. ro\u010dn\u00edk, z\u00e1vodu v modern\u00ed gymnastice, kter\u00fd po\u0159\u00e1d\u00e1 n\u00e1\u0161 odd\u00edl SSK V\u00edtkovice 5.z\u00e1\u0159\u00ed 2020 je v n\u00ed\u017ee uveden\u00e9m souboru.<a class=\"more\" href=\"https:\/\/www.mg-sskvitkovice.cz\/?page_id=1679\" title=\"Read More\"> [&#8230;] <\/a><\/p>\n","protected":false},"author":1,"featured_media":0,"parent":0,"menu_order":0,"comment_status":"closed","ping_status":"closed","template":"","meta":{"ngg_post_thumbnail":0,"footnotes":""},"class_list":["post-1679","page","type-page","status-publish","hentry","post-container col-md-12"],"_links":{"self":[{"href":"https:\/\/www.mg-sskvitkovice.cz\/index.php?rest_route=\/wp\/v2\/pages\/1679","targetHints":{"allow":["GET"]}}],"collection":[{"href":"https:\/\/www.mg-sskvitkovice.cz\/index.php?rest_route=\/wp\/v2\/pages"}],"about":[{"href":"https:\/\/www.mg-sskvitkovice.cz\/index.php?rest_route=\/wp\/v2\/types\/page"}],"author":[{"embeddable":true,"href":"https:\/\/www.mg-sskvitkovice.cz\/index.php?rest_route=\/wp\/v2\/users\/1"}],"replies":[{"embeddable":true,"href":"https:\/\/www.mg-sskvitkovice.cz\/index.php?rest_route=%2Fwp%2Fv2%2Fcomments&post=1679"}],"version-history":[{"count":8,"href":"https:\/\/www.mg-sskvitkovice.cz\/index.php?rest_route=\/wp\/v2\/pages\/1679\/revisions"}],"predecessor-version":[{"id":2447,"href":"https:\/\/www.mg-sskvitkovice.cz\/index.php?rest_route=\/wp\/v2\/pages\/1679\/revisions\/2447"}],"wp:attachment":[{"href":"https:\/\/www.mg-sskvitkovice.cz\/index.php?rest_route=%2Fwp%2Fv2%2Fmedia&parent=1679"}],"curies":[{"name":"wp","href":"https:\/\/api.w.org\/{rel}","templated":true}]}}