{"id":1881,"date":"2021-08-26T13:07:28","date_gmt":"2021-08-26T11:07:28","guid":{"rendered":"http:\/\/www.mg-sskvitkovice.cz\/?page_id=1881"},"modified":"2024-03-01T09:40:21","modified_gmt":"2024-03-01T07:40:21","slug":"ostravsky-pohar-2021","status":"publish","type":"page","link":"https:\/\/www.mg-sskvitkovice.cz\/?page_id=1881","title":{"rendered":"Ostravsk\u00fd poh\u00e1r 2021"},"content":{"rendered":"\n<figure class=\"wp-block-image\"><img loading=\"lazy\" decoding=\"async\" width=\"579\" height=\"823\" src=\"https:\/\/www.mg-sskvitkovice.cz\/wp-content\/uploads\/op2021-2.png\" alt=\"\" class=\"wp-image-1882\"\/><\/figure>\n\n\n\n<div class=\"wp-block-file\"><a href=\"https:\/\/www.mg-sskvitkovice.cz\/wp-content\/uploads\/plakat_A4_4.9.2021-pracovni_verze_2-1.pdf\">pozv\u00e1nka pdf<\/a><a href=\"https:\/\/www.mg-sskvitkovice.cz\/wp-content\/uploads\/plakat_A4_4.9.2021-pracovni_verze_2-1.pdf\" class=\"wp-block-file__button\" download>St\u00e1hnout<\/a><\/div>\n\n\n\n<p> Pozv\u00e1nka na tradi\u010dn\u00ed, ji\u017e 25. ro\u010dn\u00edk, z\u00e1vodu v modern\u00ed gymnastice, kter\u00fd po\u0159\u00e1d\u00e1 n\u00e1\u0161 odd\u00edl SSK V\u00edtkovice 4.z\u00e1\u0159\u00ed 2021 je ve v\u00fd\u0161e uveden\u00e9m souboru.   <\/p>\n","protected":false},"excerpt":{"rendered":"<p>Pozv\u00e1nka na tradi\u010dn\u00ed, ji\u017e 25. ro\u010dn\u00edk, z\u00e1vodu v modern\u00ed gymnastice, kter\u00fd po\u0159\u00e1d\u00e1 n\u00e1\u0161 odd\u00edl SSK V\u00edtkovice 4.z\u00e1\u0159\u00ed 2021 je ve v\u00fd\u0161e uveden\u00e9m souboru.<a class=\"more\" href=\"https:\/\/www.mg-sskvitkovice.cz\/?page_id=1881\" title=\"Read More\"> [&#8230;] <\/a><\/p>\n","protected":false},"author":1,"featured_media":0,"parent":1679,"menu_order":3,"comment_status":"closed","ping_status":"closed","template":"","meta":{"ngg_post_thumbnail":0,"footnotes":""},"class_list":["post-1881","page","type-page","status-publish","hentry","post-container col-md-12"],"_links":{"self":[{"href":"https:\/\/www.mg-sskvitkovice.cz\/index.php?rest_route=\/wp\/v2\/pages\/1881","targetHints":{"allow":["GET"]}}],"collection":[{"href":"https:\/\/www.mg-sskvitkovice.cz\/index.php?rest_route=\/wp\/v2\/pages"}],"about":[{"href":"https:\/\/www.mg-sskvitkovice.cz\/index.php?rest_route=\/wp\/v2\/types\/page"}],"author":[{"embeddable":true,"href":"https:\/\/www.mg-sskvitkovice.cz\/index.php?rest_route=\/wp\/v2\/users\/1"}],"replies":[{"embeddable":true,"href":"https:\/\/www.mg-sskvitkovice.cz\/index.php?rest_route=%2Fwp%2Fv2%2Fcomments&post=1881"}],"version-history":[{"count":3,"href":"https:\/\/www.mg-sskvitkovice.cz\/index.php?rest_route=\/wp\/v2\/pages\/1881\/revisions"}],"predecessor-version":[{"id":1891,"href":"https:\/\/www.mg-sskvitkovice.cz\/index.php?rest_route=\/wp\/v2\/pages\/1881\/revisions\/1891"}],"up":[{"embeddable":true,"href":"https:\/\/www.mg-sskvitkovice.cz\/index.php?rest_route=\/wp\/v2\/pages\/1679"}],"wp:attachment":[{"href":"https:\/\/www.mg-sskvitkovice.cz\/index.php?rest_route=%2Fwp%2Fv2%2Fmedia&parent=1881"}],"curies":[{"name":"wp","href":"https:\/\/api.w.org\/{rel}","templated":true}]}}