{"id":1949,"date":"2022-04-19T08:55:57","date_gmt":"2022-04-19T06:55:57","guid":{"rendered":"http:\/\/www.mg-sskvitkovice.cz\/?page_id=1949"},"modified":"2024-10-27T17:55:28","modified_gmt":"2024-10-27T15:55:28","slug":"ostravsky-pohar-2022","status":"publish","type":"page","link":"https:\/\/www.mg-sskvitkovice.cz\/?page_id=1949","title":{"rendered":"Ostravsk\u00fd poh\u00e1r 2022"},"content":{"rendered":"\n<figure class=\"wp-block-image\"><img loading=\"lazy\" decoding=\"async\" width=\"1240\" height=\"1754\" src=\"https:\/\/www.mg-sskvitkovice.cz\/wp-content\/uploads\/pohar_MO_22.png\" alt=\"\" class=\"wp-image-1940\" srcset=\"https:\/\/www.mg-sskvitkovice.cz\/wp-content\/uploads\/pohar_MO_22.png 1240w, https:\/\/www.mg-sskvitkovice.cz\/wp-content\/uploads\/pohar_MO_22-768x1086.png 768w\" sizes=\"auto, (max-width: 1240px) 100vw, 1240px\" \/><\/figure>\n\n\n\n<div class=\"wp-block-file\"><a href=\"https:\/\/www.mg-sskvitkovice.cz\/wp-content\/uploads\/pozvanka22-1.png\">pozvanka22<\/a><a href=\"https:\/\/www.mg-sskvitkovice.cz\/wp-content\/uploads\/pozvanka22-1.png\" class=\"wp-block-file__button\" download>St\u00e1hnout<\/a><\/div>\n\n\n\n<p> Pozv\u00e1nka na tradi\u010dn\u00ed, ji\u017e 26. ro\u010dn\u00edk, z\u00e1vodu v modern\u00ed gymnastice, kter\u00fd po\u0159\u00e1d\u00e1 n\u00e1\u0161 odd\u00edl SSK V\u00edtkovice 23.dubna 2022 je ve v\u00fd\u0161e uveden\u00e9m souboru.   <br><\/p>\n","protected":false},"excerpt":{"rendered":"<p>Pozv\u00e1nka na tradi\u010dn\u00ed, ji\u017e 26. ro\u010dn\u00edk, z\u00e1vodu v modern\u00ed gymnastice, kter\u00fd po\u0159\u00e1d\u00e1 n\u00e1\u0161 odd\u00edl SSK V\u00edtkovice 23.dubna 2022 je ve v\u00fd\u0161e uveden\u00e9m souboru.<a class=\"more\" href=\"https:\/\/www.mg-sskvitkovice.cz\/?page_id=1949\" title=\"Read More\"> [&#8230;] <\/a><\/p>\n","protected":false},"author":1,"featured_media":0,"parent":1679,"menu_order":1,"comment_status":"closed","ping_status":"closed","template":"","meta":{"ngg_post_thumbnail":0,"footnotes":""},"class_list":["post-1949","page","type-page","status-publish","hentry","post-container col-md-12"],"_links":{"self":[{"href":"https:\/\/www.mg-sskvitkovice.cz\/index.php?rest_route=\/wp\/v2\/pages\/1949","targetHints":{"allow":["GET"]}}],"collection":[{"href":"https:\/\/www.mg-sskvitkovice.cz\/index.php?rest_route=\/wp\/v2\/pages"}],"about":[{"href":"https:\/\/www.mg-sskvitkovice.cz\/index.php?rest_route=\/wp\/v2\/types\/page"}],"author":[{"embeddable":true,"href":"https:\/\/www.mg-sskvitkovice.cz\/index.php?rest_route=\/wp\/v2\/users\/1"}],"replies":[{"embeddable":true,"href":"https:\/\/www.mg-sskvitkovice.cz\/index.php?rest_route=%2Fwp%2Fv2%2Fcomments&post=1949"}],"version-history":[{"count":4,"href":"https:\/\/www.mg-sskvitkovice.cz\/index.php?rest_route=\/wp\/v2\/pages\/1949\/revisions"}],"predecessor-version":[{"id":1955,"href":"https:\/\/www.mg-sskvitkovice.cz\/index.php?rest_route=\/wp\/v2\/pages\/1949\/revisions\/1955"}],"up":[{"embeddable":true,"href":"https:\/\/www.mg-sskvitkovice.cz\/index.php?rest_route=\/wp\/v2\/pages\/1679"}],"wp:attachment":[{"href":"https:\/\/www.mg-sskvitkovice.cz\/index.php?rest_route=%2Fwp%2Fv2%2Fmedia&parent=1949"}],"curies":[{"name":"wp","href":"https:\/\/api.w.org\/{rel}","templated":true}]}}