{"id":2,"date":"2011-11-08T12:16:15","date_gmt":"2011-11-08T12:16:15","guid":{"rendered":"http:\/\/www.mg-sskvitkovice.cz\/?page_id=2"},"modified":"2024-10-27T17:43:08","modified_gmt":"2024-10-27T15:43:08","slug":"neco-o-me","status":"publish","type":"page","link":"https:\/\/www.mg-sskvitkovice.cz\/?page_id=2","title":{"rendered":"Historie odd\u00edlu"},"content":{"rendered":"\n<p><strong>Modern\u00ed gymnastika jako ryze \u017eensk\u00fd sport, p\u0159edstavuje p\u0159edev\u0161\u00edm soulad pohybu s hudbou, velk\u00fd pohybov\u00fd rozsah a vysok\u00fd stupe\u0148 koordinace t\u011bla s n\u00e1\u010din\u00edm.<\/strong><\/p>\n\n\n\n<p>Od ledna 2001 se gymnastika d\u011bl\u00ed na dva programy a to n\u00e1rodn\u00ed a mezin\u00e1rodn\u00ed. N\u00e1rodn\u00ed program je m\u011bn\u011b n\u00e1ro\u010dn\u00fd a uplatn\u00ed se v n\u011bm d\u011bv\u010data s men\u0161\u00edm pohybov\u00fdm rozsahem a men\u0161\u00edm nad\u00e1n\u00edm pro tento sport. Ta nejtalentovan\u011bj\u0161\u00ed s nejpracovit\u011bj\u0161\u00ed d\u011bv\u010data se uplatn\u00ed v mnohem n\u00e1ro\u010dn\u011bj\u0161\u00edm mezin\u00e1rodn\u00edm programu, kter\u00fd se \u0159\u00edd\u00ed pravidly FIG.<\/p>\n\n\n\n<p>D\u011bv\u010data se p\u0159ibli\u017en\u011b od 8 let za\u010d\u00ednaj\u00ed z\u00fa\u010dast\u0148ovat odd\u00edlov\u00fdch sout\u011b\u017e\u00ed, oblastn\u00edch a ta nejlep\u0161\u00ed i celost\u00e1tn\u00edch a mezin\u00e1rodn\u00edch.<\/p>\n\n\n\n<p>Nejmlad\u0161\u00ed gymnastky se v\u011bnuj\u00ed nejprve cvi\u010den\u00ed bez n\u00e1\u010din\u00ed a akrobacii. Pozd\u011bji se u\u010d\u00ed zvl\u00e1dat techniku pr\u00e1ce se \u0161vihadlem, pak s obru\u010d\u00ed,m\u00ed\u010dem a nakonec s ku\u017eely a stuhou.<\/p>\n\n\n\n<p>V sou\u010dasnosti m\u00e1 odd\u00edl 40 \u010dlenek z nich\u017e 20 tvo\u0159\u00ed p\u0159\u00edpravku, 15 n\u00e1rodn\u00ed program a 5 d\u011bv\u010dat se v\u011bnuje mezin\u00e1rodn\u00edmu programu. Na\u0161\u00ed nej\u00fasp\u011b\u0161n\u011bj\u0161\u00ed \u010dlenkou byla Zuzana V\u00e1lkov\u00e1. Seniorsk\u00e1 reprezentantka, kter\u00e1 se v Baku z\u00fa\u010dastnila Mistrovstv\u00ed sv\u011bta 2005 ve spole\u010dn\u00fdch skladb\u00e1ch.<\/p>\n\n\n\n<p>.V roce 2010 se \u00fa\u010dastnila jako Seniorsk\u00e1 reprezentantka jednotlivky\u0148, Mistrovstv\u00ed sv\u011bta v Moskv\u011b.<\/p>\n\n\n\n<p>Sou\u010dasn\u00fd odd\u00edl modern\u00ed gymnastiky SSK V\u00edtkovice d\u0159\u00edve pracoval p\u0159i HTJ Odra a funguje ji\u017e od roku 1990. P\u0159esto\u017ee nejsme velk\u00fdm odd\u00edlem (po\u010det \u010dlen\u016f se pohybuje mezi 50 a\u017e 60) m\u00e1me za sebou i \u0159adu \u00fasp\u011bch\u016f. K nejlep\u0161\u00edm z\u00e1vodnic\u00edm pat\u0159ily v minulosti Barbora Ma\u0148kov\u00e1 a Iva Rakytov\u00e1, kter\u00e9 se pravideln\u011b a \u00fasp\u011b\u0161n\u011b \u00fa\u010dastnily celost\u00e1tn\u00edch mistrovsk\u00fdch sout\u011b\u017e\u00ed. Ob\u011b byly \u010dlenkami &#8222;Dru\u017estva Nad\u011bj\u00ed \u010cR&#8220; a Iva Rakytov\u00e1 i \u010dlenkou juniorsk\u00e9ho reprezenta\u010dn\u00edho t\u00fdmu. V roce 1994 se z\u00fa\u010dastnila Mistrovstv\u00ed Evropy ve spole\u010dn\u00fdch skladb\u00e1ch v \u0159eck\u00e9 Soluni. Mezi dal\u0161\u00ed \u00fasp\u011b\u0161n\u00e9 z\u00e1vodnice pat\u0159ily: Haftov\u00e1 Eva (zlato na M-\u010cR juniorek ve spole\u010dn\u00fdch skladb\u00e1ch v roce 2003); V\u00fdtiskov\u00e1 Veronika (zlato na M-\u010cR juniorek ve spole\u010dn\u00fdch skladb\u00e1ch v roce 2003, host SK MG Hav\u00ed\u0159ov); Z\u00e1vodn\u00e1 Martina (st\u0159\u00edbro na M-\u010cR kadetek a dorostenek v letech 2003 a 2004); Bro\u017eov\u00e1 Krist\u00fdna; \u0160teifov\u00e1 Petra; Fil\u00e1kov\u00e1 Petra; Dvo\u0159\u00e1kov\u00e1 Tereza.<\/p>\n","protected":false},"excerpt":{"rendered":"<p>Modern\u00ed gymnastika jako ryze \u017eensk\u00fd sport, p\u0159edstavuje p\u0159edev\u0161\u00edm soulad pohybu s hudbou, velk\u00fd pohybov\u00fd rozsah a vysok\u00fd stupe\u0148 koordinace t\u011bla s n\u00e1\u010din\u00edm. Od ledna 2001 se gymnastika d\u011bl\u00ed na dva programy a to n\u00e1rodn\u00ed a mezin\u00e1rodn\u00ed. N\u00e1rodn\u00ed program je m\u011bn\u011b n\u00e1ro\u010dn\u00fd a uplatn\u00ed se v n\u011bm d\u011bv\u010data s men\u0161\u00edm pohybov\u00fdm rozsahem a men\u0161\u00edm nad\u00e1n\u00edm pro<a class=\"more\" href=\"https:\/\/www.mg-sskvitkovice.cz\/?page_id=2\" title=\"Read More\"> [&#8230;] <\/a><\/p>\n","protected":false},"author":1,"featured_media":0,"parent":1676,"menu_order":0,"comment_status":"closed","ping_status":"open","template":"","meta":{"ngg_post_thumbnail":0,"footnotes":""},"class_list":["post-2","page","type-page","status-publish","hentry","post-container col-md-12"],"_links":{"self":[{"href":"https:\/\/www.mg-sskvitkovice.cz\/index.php?rest_route=\/wp\/v2\/pages\/2","targetHints":{"allow":["GET"]}}],"collection":[{"href":"https:\/\/www.mg-sskvitkovice.cz\/index.php?rest_route=\/wp\/v2\/pages"}],"about":[{"href":"https:\/\/www.mg-sskvitkovice.cz\/index.php?rest_route=\/wp\/v2\/types\/page"}],"author":[{"embeddable":true,"href":"https:\/\/www.mg-sskvitkovice.cz\/index.php?rest_route=\/wp\/v2\/users\/1"}],"replies":[{"embeddable":true,"href":"https:\/\/www.mg-sskvitkovice.cz\/index.php?rest_route=%2Fwp%2Fv2%2Fcomments&post=2"}],"version-history":[{"count":8,"href":"https:\/\/www.mg-sskvitkovice.cz\/index.php?rest_route=\/wp\/v2\/pages\/2\/revisions"}],"predecessor-version":[{"id":2440,"href":"https:\/\/www.mg-sskvitkovice.cz\/index.php?rest_route=\/wp\/v2\/pages\/2\/revisions\/2440"}],"up":[{"embeddable":true,"href":"https:\/\/www.mg-sskvitkovice.cz\/index.php?rest_route=\/wp\/v2\/pages\/1676"}],"wp:attachment":[{"href":"https:\/\/www.mg-sskvitkovice.cz\/index.php?rest_route=%2Fwp%2Fv2%2Fmedia&parent=2"}],"curies":[{"name":"wp","href":"https:\/\/api.w.org\/{rel}","templated":true}]}}