{"id":2276,"date":"2024-09-16T09:32:57","date_gmt":"2024-09-16T07:32:57","guid":{"rendered":"https:\/\/www.mg-sskvitkovice.cz\/?page_id=2276"},"modified":"2026-04-20T20:58:44","modified_gmt":"2026-04-20T18:58:44","slug":"pravidla-klubu","status":"publish","type":"page","link":"https:\/\/www.mg-sskvitkovice.cz\/?page_id=2276","title":{"rendered":"Pravidla klubu"},"content":{"rendered":"\n<p>Pravidla \u010dlen\u016f klubu modern\u00ed gymnastiky SSK V\u00edtkovice<\/p>\n\n\n\n<div data-wp-interactive=\"core\/file\" class=\"wp-block-file\"><object data-wp-bind--hidden=\"!state.hasPdfPreview\" hidden class=\"wp-block-file__embed\" data=\"https:\/\/www.mg-sskvitkovice.cz\/wp-content\/uploads\/Pravidla-clenu-klubu-moderni-gymnastiky-2.pdf\" type=\"application\/pdf\" style=\"width:100%;height:600px\" aria-label=\"Vlo\u017eit z Pravidla \u010dlen\u016f klubu modern\u00ed gymnastiky.\"><\/object><a id=\"wp-block-file--media-c2d83715-1c65-4611-9ad1-13f0e46cd1e3\" href=\"https:\/\/www.mg-sskvitkovice.cz\/wp-content\/uploads\/Pravidla-clenu-klubu-moderni-gymnastiky-2.pdf\">Pravidla \u010dlen\u016f klubu modern\u00ed gymnastiky<\/a><a href=\"https:\/\/www.mg-sskvitkovice.cz\/wp-content\/uploads\/Pravidla-clenu-klubu-moderni-gymnastiky-2.pdf\" class=\"wp-block-file__button wp-element-button\" download aria-describedby=\"wp-block-file--media-c2d83715-1c65-4611-9ad1-13f0e46cd1e3\">St\u00e1hnout<\/a><\/div>\n\n\n\n<!--more-->\n","protected":false},"excerpt":{"rendered":"<p>Pravidla \u010dlen\u016f klubu modern\u00ed gymnastiky SSK V\u00edtkovice<\/p>\n<div data-wp-interactive=\"core\/file\" class=\"wp-block-file\"><object data-wp-bind--hidden=\"!state.hasPdfPreview\" hidden class=\"wp-block-file__embed\" data=\"https:\/\/www.mg-sskvitkovice.cz\/wp-content\/uploads\/Pravidla-clenu-klubu-moderni-gymnastiky-2.pdf\" type=\"application\/pdf\" style=\"width:100%;height:600px\" aria-label=\"Vlo\u017eit z Pravidla \u010dlen\u016f klubu modern\u00ed gymnastiky.\"><\/object><a id=\"wp-block-file--media-c2d83715-1c65-4611-9ad1-13f0e46cd1e3\" href=\"https:\/\/www.mg-sskvitkovice.cz\/wp-content\/uploads\/Pravidla-clenu-klubu-moderni-gymnastiky-2.pdf\">Pravidla \u010dlen\u016f klubu modern\u00ed gymnastiky<\/a><a href=\"https:\/\/www.mg-sskvitkovice.cz\/wp-content\/uploads\/Pravidla-clenu-klubu-moderni-gymnastiky-2.pdf\" class=\"wp-block-file__button wp-element-button\" download aria-describedby=\"wp-block-file--media-c2d83715-1c65-4611-9ad1-13f0e46cd1e3\">St\u00e1hnout<\/a><\/div>\n<p><a class=\"more\" href=\"https:\/\/www.mg-sskvitkovice.cz\/?page_id=2276\" title=\"Read More\"> [&#8230;] <\/a><\/p>\n","protected":false},"author":1,"featured_media":0,"parent":0,"menu_order":0,"comment_status":"closed","ping_status":"closed","template":"","meta":{"ngg_post_thumbnail":0,"footnotes":""},"class_list":["post-2276","page","type-page","status-publish","hentry","post-container col-md-12"],"_links":{"self":[{"href":"https:\/\/www.mg-sskvitkovice.cz\/index.php?rest_route=\/wp\/v2\/pages\/2276","targetHints":{"allow":["GET"]}}],"collection":[{"href":"https:\/\/www.mg-sskvitkovice.cz\/index.php?rest_route=\/wp\/v2\/pages"}],"about":[{"href":"https:\/\/www.mg-sskvitkovice.cz\/index.php?rest_route=\/wp\/v2\/types\/page"}],"author":[{"embeddable":true,"href":"https:\/\/www.mg-sskvitkovice.cz\/index.php?rest_route=\/wp\/v2\/users\/1"}],"replies":[{"embeddable":true,"href":"https:\/\/www.mg-sskvitkovice.cz\/index.php?rest_route=%2Fwp%2Fv2%2Fcomments&post=2276"}],"version-history":[{"count":3,"href":"https:\/\/www.mg-sskvitkovice.cz\/index.php?rest_route=\/wp\/v2\/pages\/2276\/revisions"}],"predecessor-version":[{"id":2489,"href":"https:\/\/www.mg-sskvitkovice.cz\/index.php?rest_route=\/wp\/v2\/pages\/2276\/revisions\/2489"}],"wp:attachment":[{"href":"https:\/\/www.mg-sskvitkovice.cz\/index.php?rest_route=%2Fwp%2Fv2%2Fmedia&parent=2276"}],"curies":[{"name":"wp","href":"https:\/\/api.w.org\/{rel}","templated":true}]}}