{"id":2480,"date":"2025-10-21T12:03:40","date_gmt":"2025-10-21T10:03:40","guid":{"rendered":"https:\/\/www.mg-sskvitkovice.cz\/?page_id=2480"},"modified":"2025-10-21T12:03:41","modified_gmt":"2025-10-21T10:03:41","slug":"prispevky","status":"publish","type":"page","link":"https:\/\/www.mg-sskvitkovice.cz\/?page_id=2480","title":{"rendered":"P\u0159\u00edsp\u011bvky"},"content":{"rendered":"\n<div data-wp-interactive=\"core\/file\" class=\"wp-block-file\"><object data-wp-bind--hidden=\"!state.hasPdfPreview\" hidden class=\"wp-block-file__embed\" data=\"https:\/\/www.mg-sskvitkovice.cz\/wp-content\/uploads\/Prispevky_mgssk-1.pdf\" type=\"application\/pdf\" style=\"width:100%;height:600px\" aria-label=\"Vlo\u017eit z Prispevky_mgssk.\"><\/object><a id=\"wp-block-file--media-b1a5906b-f2c7-4f8c-a81c-6567efa886d2\" href=\"https:\/\/www.mg-sskvitkovice.cz\/wp-content\/uploads\/Prispevky_mgssk-1.pdf\">Prispevky_mgssk<\/a><a href=\"https:\/\/www.mg-sskvitkovice.cz\/wp-content\/uploads\/Prispevky_mgssk-1.pdf\" class=\"wp-block-file__button wp-element-button\" download aria-describedby=\"wp-block-file--media-b1a5906b-f2c7-4f8c-a81c-6567efa886d2\">St\u00e1hnout<\/a><\/div>\n","protected":false},"excerpt":{"rendered":"<p><a class=\"more\" href=\"https:\/\/www.mg-sskvitkovice.cz\/?page_id=2480\" title=\"Read More\"> [&#8230;] <\/a><\/p>\n","protected":false},"author":1,"featured_media":0,"parent":0,"menu_order":0,"comment_status":"closed","ping_status":"closed","template":"","meta":{"ngg_post_thumbnail":0,"footnotes":""},"class_list":["post-2480","page","type-page","status-publish","hentry","post-container col-md-12"],"_links":{"self":[{"href":"https:\/\/www.mg-sskvitkovice.cz\/index.php?rest_route=\/wp\/v2\/pages\/2480","targetHints":{"allow":["GET"]}}],"collection":[{"href":"https:\/\/www.mg-sskvitkovice.cz\/index.php?rest_route=\/wp\/v2\/pages"}],"about":[{"href":"https:\/\/www.mg-sskvitkovice.cz\/index.php?rest_route=\/wp\/v2\/types\/page"}],"author":[{"embeddable":true,"href":"https:\/\/www.mg-sskvitkovice.cz\/index.php?rest_route=\/wp\/v2\/users\/1"}],"replies":[{"embeddable":true,"href":"https:\/\/www.mg-sskvitkovice.cz\/index.php?rest_route=%2Fwp%2Fv2%2Fcomments&post=2480"}],"version-history":[{"count":1,"href":"https:\/\/www.mg-sskvitkovice.cz\/index.php?rest_route=\/wp\/v2\/pages\/2480\/revisions"}],"predecessor-version":[{"id":2484,"href":"https:\/\/www.mg-sskvitkovice.cz\/index.php?rest_route=\/wp\/v2\/pages\/2480\/revisions\/2484"}],"wp:attachment":[{"href":"https:\/\/www.mg-sskvitkovice.cz\/index.php?rest_route=%2Fwp%2Fv2%2Fmedia&parent=2480"}],"curies":[{"name":"wp","href":"https:\/\/api.w.org\/{rel}","templated":true}]}}