{"id":28,"date":"2011-11-08T21:42:19","date_gmt":"2011-11-08T21:42:19","guid":{"rendered":"http:\/\/www.mg-sskvitkovice.cz\/?page_id=28"},"modified":"2025-04-11T13:30:53","modified_gmt":"2025-04-11T11:30:53","slug":"kontakt","status":"publish","type":"page","link":"https:\/\/www.mg-sskvitkovice.cz\/?page_id=28","title":{"rendered":"Kontakt"},"content":{"rendered":"<p><span style=\"text-decoration: underline;\"><strong>Adresa:<\/strong><\/span><\/p>\n<p><strong>SSK V\u00edtkovice<\/strong><br \/>\nZ\u00e1vodn\u00ed ul., Stadion<br \/>\nOstrava &#8211; V\u00edtkovice<br \/>\ntel.: 595 783 259<\/p>\n<p><span style=\"text-decoration: underline;\"><strong>Kontakty:<\/strong><\/span><\/p>\n<p style=\"text-align: left;\"><strong>Hl.tren\u00e9rka: &nbsp; <\/strong>&nbsp;Mgr. Hana Ky\u0161kov\u00e1 Nadkansk\u00e1 &nbsp; tel. 773 938 385<\/p>\n<p style=\"text-align: left;\">&nbsp; Tren\u00e9rky &nbsp; &nbsp; &nbsp; &nbsp; &nbsp;Bc. Kl\u00e1ra Dybalov\u00e1 &nbsp; &nbsp; &nbsp; &nbsp; &nbsp; &nbsp; &nbsp; &nbsp; &nbsp; &nbsp;tel.&nbsp; 739 478 008<\/p>\n<p style=\"text-align: left;\">&nbsp; &nbsp; &nbsp; &nbsp; &nbsp; &nbsp; &nbsp; &nbsp; &nbsp; &nbsp; &nbsp; &nbsp; &nbsp; &nbsp; Bc. Nikol Pavlovsk\u00e1 &nbsp; &nbsp; &nbsp; &nbsp; &nbsp; &nbsp; &nbsp; &nbsp; tel. &nbsp; 736 428 180<\/p>\n<p>&nbsp;<span style=\"text-decoration: underline;\"><strong>e-mail:<\/strong><\/span>&nbsp; &nbsp; &nbsp; &nbsp; nadkanska@volny.cz<\/p>\n<p>&nbsp;<\/p>\n<p>&nbsp;<\/p>\n<p>&nbsp;<\/p>\n<p>&nbsp;<\/p>\n","protected":false},"excerpt":{"rendered":"<p>Adresa: SSK V\u00edtkovice Z\u00e1vodn\u00ed ul., Stadion Ostrava &#8211; V\u00edtkovice tel.: 595 783 259 Kontakty: Hl.tren\u00e9rka: &nbsp; &nbsp;Mgr. Hana Ky\u0161kov\u00e1 Nadkansk\u00e1 &nbsp; tel. 773 938 385 &nbsp; Tren\u00e9rky &nbsp; &nbsp; &nbsp; &nbsp; &nbsp;Bc. Kl\u00e1ra Dybalov\u00e1 &nbsp; &nbsp; &nbsp; &nbsp; &nbsp; &nbsp; &nbsp; &nbsp; &nbsp; &nbsp;tel.&nbsp; 739 478 008 &nbsp; &nbsp; &nbsp; &nbsp; &nbsp; &nbsp; &nbsp; &nbsp;<a class=\"more\" href=\"https:\/\/www.mg-sskvitkovice.cz\/?page_id=28\" title=\"Read More\"> [&#8230;] <\/a><\/p>\n","protected":false},"author":1,"featured_media":0,"parent":0,"menu_order":0,"comment_status":"closed","ping_status":"open","template":"","meta":{"ngg_post_thumbnail":0,"footnotes":""},"class_list":["post-28","page","type-page","status-publish","hentry","post-container col-md-12"],"_links":{"self":[{"href":"https:\/\/www.mg-sskvitkovice.cz\/index.php?rest_route=\/wp\/v2\/pages\/28","targetHints":{"allow":["GET"]}}],"collection":[{"href":"https:\/\/www.mg-sskvitkovice.cz\/index.php?rest_route=\/wp\/v2\/pages"}],"about":[{"href":"https:\/\/www.mg-sskvitkovice.cz\/index.php?rest_route=\/wp\/v2\/types\/page"}],"author":[{"embeddable":true,"href":"https:\/\/www.mg-sskvitkovice.cz\/index.php?rest_route=\/wp\/v2\/users\/1"}],"replies":[{"embeddable":true,"href":"https:\/\/www.mg-sskvitkovice.cz\/index.php?rest_route=%2Fwp%2Fv2%2Fcomments&post=28"}],"version-history":[{"count":30,"href":"https:\/\/www.mg-sskvitkovice.cz\/index.php?rest_route=\/wp\/v2\/pages\/28\/revisions"}],"predecessor-version":[{"id":2415,"href":"https:\/\/www.mg-sskvitkovice.cz\/index.php?rest_route=\/wp\/v2\/pages\/28\/revisions\/2415"}],"wp:attachment":[{"href":"https:\/\/www.mg-sskvitkovice.cz\/index.php?rest_route=%2Fwp%2Fv2%2Fmedia&parent=28"}],"curies":[{"name":"wp","href":"https:\/\/api.w.org\/{rel}","templated":true}]}}