{"id":32,"date":"2011-11-08T21:44:29","date_gmt":"2011-11-08T19:44:29","guid":{"rendered":"http:\/\/www.mg-sskvitkovice.cz\/?page_id=32"},"modified":"2024-03-01T09:39:24","modified_gmt":"2024-03-01T07:39:24","slug":"sponzori","status":"publish","type":"page","link":"https:\/\/www.mg-sskvitkovice.cz\/?page_id=32","title":{"rendered":"Sponzo\u0159i"},"content":{"rendered":"<p>Sponzo\u0159i<\/p>\n<p>Moment\u00e1ln\u011b nem\u00e1me \u017e\u00e1dn\u00e9 sponzory a o to je t\u011b\u017e\u0161\u00ed dos\u00e1hnout v\u00fdborn\u00fdch v\u00fdsledk\u016f.<\/p>\n<p>Jestli&nbsp;v\u00e1s&nbsp; zaujal n\u00e1\u0161&nbsp; ryze \u017eensk\u00fd sport, je mo\u017eno p\u0159edv\u00e9st mal\u00e9 vystoupen\u00ed na akci po\u0159\u00e1danou va\u0161\u00ed firmou.Za jak\u00fdkoli finan\u010dn\u00ed p\u0159\u00edsp\u011bvek nebo zakoupen\u00ed v\u011bcn\u00fdch dar\u016f pro d\u011bti .<\/p>\n<p>Automaticky va\u0161e firma bude na na\u0161\u00edch str\u00e1nk\u00e1ch,kde maj\u00ed p\u0159\u00edstup v\u0161echny kluby z cel\u00e9 \u010cR a taky zahrani\u010dn\u00ed kluby.<\/p>\n<p>N\u00e1\u0161 klub m\u00e1 zhruba 30 gymnastek a cvi\u010d\u00edme na vrcholov\u00e9 \u00farovni!<\/p>\n<p>V p\u0159\u00edpad\u011b z\u00e1jmu kontaktujte p\u0159edsedu klubu.<\/p>\n<p>P\u0159edseda klubu Petra Kozov\u00e1 tel.725 475 422 ,&nbsp;&nbsp;&nbsp;&nbsp;&nbsp;&nbsp;&nbsp;&nbsp;&nbsp;&nbsp;&nbsp;&nbsp;&nbsp;&nbsp;&nbsp;&nbsp;&nbsp;&nbsp;&nbsp;&nbsp;&nbsp; mail: p.kozova@seznam.cz<\/p>\n<p>&nbsp;<\/p>\n<p>&nbsp;<\/p>\n","protected":false},"excerpt":{"rendered":"<p>Sponzo\u0159i Moment\u00e1ln\u011b nem\u00e1me \u017e\u00e1dn\u00e9 sponzory a o to je t\u011b\u017e\u0161\u00ed dos\u00e1hnout v\u00fdborn\u00fdch v\u00fdsledk\u016f. Jestli&nbsp;v\u00e1s&nbsp; zaujal n\u00e1\u0161&nbsp; ryze \u017eensk\u00fd sport, je mo\u017eno p\u0159edv\u00e9st mal\u00e9 vystoupen\u00ed na akci po\u0159\u00e1danou va\u0161\u00ed firmou.Za jak\u00fdkoli finan\u010dn\u00ed p\u0159\u00edsp\u011bvek nebo zakoupen\u00ed v\u011bcn\u00fdch dar\u016f pro d\u011bti . Automaticky va\u0161e firma bude na na\u0161\u00edch str\u00e1nk\u00e1ch,kde maj\u00ed p\u0159\u00edstup v\u0161echny kluby z cel\u00e9 \u010cR a taky<a class=\"more\" href=\"https:\/\/www.mg-sskvitkovice.cz\/?page_id=32\" title=\"Read More\"> [&#8230;] <\/a><\/p>\n","protected":false},"author":1,"featured_media":0,"parent":1676,"menu_order":6,"comment_status":"closed","ping_status":"closed","template":"","meta":{"ngg_post_thumbnail":0,"footnotes":""},"class_list":["post-32","page","type-page","status-publish","hentry","post-container col-md-12"],"_links":{"self":[{"href":"https:\/\/www.mg-sskvitkovice.cz\/index.php?rest_route=\/wp\/v2\/pages\/32","targetHints":{"allow":["GET"]}}],"collection":[{"href":"https:\/\/www.mg-sskvitkovice.cz\/index.php?rest_route=\/wp\/v2\/pages"}],"about":[{"href":"https:\/\/www.mg-sskvitkovice.cz\/index.php?rest_route=\/wp\/v2\/types\/page"}],"author":[{"embeddable":true,"href":"https:\/\/www.mg-sskvitkovice.cz\/index.php?rest_route=\/wp\/v2\/users\/1"}],"replies":[{"embeddable":true,"href":"https:\/\/www.mg-sskvitkovice.cz\/index.php?rest_route=%2Fwp%2Fv2%2Fcomments&post=32"}],"version-history":[{"count":25,"href":"https:\/\/www.mg-sskvitkovice.cz\/index.php?rest_route=\/wp\/v2\/pages\/32\/revisions"}],"predecessor-version":[{"id":1686,"href":"https:\/\/www.mg-sskvitkovice.cz\/index.php?rest_route=\/wp\/v2\/pages\/32\/revisions\/1686"}],"up":[{"embeddable":true,"href":"https:\/\/www.mg-sskvitkovice.cz\/index.php?rest_route=\/wp\/v2\/pages\/1676"}],"wp:attachment":[{"href":"https:\/\/www.mg-sskvitkovice.cz\/index.php?rest_route=%2Fwp%2Fv2%2Fmedia&parent=32"}],"curies":[{"name":"wp","href":"https:\/\/api.w.org\/{rel}","templated":true}]}}